{"id":877,"date":"2017-12-13T15:30:17","date_gmt":"2017-12-13T15:30:17","guid":{"rendered":"http:\/\/mane.elated-themes.com\/?page_id=877"},"modified":"2021-02-11T14:39:56","modified_gmt":"2021-02-11T14:39:56","slug":"contactos","status":"publish","type":"page","link":"https:\/\/footure.pt\/en\/contactos\/","title":{"rendered":"Contacts"},"content":{"rendered":"<p>[vc_row][vc_column][vc_row_inner][vc_column_inner offset=&#8221;vc_hidden-sm vc_hidden-xs&#8221;][vc_raw_html]JTNDZGl2JTIwY2xhc3MlM0QlMjJjb250YWN0b3NfY2VudHJhZG9zJTIyJTNFJTNDaDElMjBzdHlsZSUzRCUyMnRleHQtYWxpZ24lM0ElMjBjZW50ZXIlM0IlMjBsZXR0ZXItc3BhY2luZyUzQSUyMDFweCUyMiUzRSUzQ3NwYW4lMjBjbGFzcyUzRCUyMmxpbmhhJTIyJTNFQ09OVEFDVE9TJTNDJTJGc3BhbiUzRSUzQyUyRmgxJTNFJTNDJTJGZGl2JTNF[\/vc_raw_html][vc_raw_html]JTNDZGl2JTIwY2xhc3MlM0QlMjJjb250YWN0b3NfY2VudHJhZG9zJTIyJTNFJTBBJTNDZGl2JTIwY2xhc3MlM0QlMjJyb3clMjIlM0UlMEElM0NkaXYlMjBjbGFzcyUzRCUyMmNvbHVtbl9jb250YWN0b3MlMjIlM0UlM0NoMSUyMHN0eWxlJTNEJTIyZm9udC1zaXplJTNBJTIwMTVweCUzQiUyMHRleHQtYWxpZ24lM0ElMjBsZWZ0JTNCJTIwY29sb3IlM0ElMjAlMjMwMDAwMDAlMjIlM0UlM0NzcGFuJTIwY2xhc3MlM0QlMjJsaW5oYV9jb250YWN0b3MlMjIlM0Vtb3IlM0MlMkZzcGFuJTNFYWRhJTNDJTJGaDElM0UlMEElM0NoMiUyMHN0eWxlJTNEJTIyZm9udC1zaXplJTNBJTIwMjFweCUzQiUyMHRleHQtYWxpZ24lM0ElMjBsZWZ0JTNCJTIwbGluZS1oZWlnaHQlM0ElMjAxLjQlM0IlMjIlM0VSdWElMjBkYSUyMFBlZHJhJTIwVmVyZGUlMjBOJUMyJUJBJTIwODAlMjBKJTJDJTBBJTNDYnIlM0UlMEEzNzAwLTcxNSUyME1hY2llaXJhJTIwZGUlMjBTYXJuZXMlMkMlMEElM0NiciUzRSUwQVBvcnR1Z2FsJTNDJTJGaDIlM0UlM0MlMkZkaXYlM0UlMEElM0NkaXYlMjBjbGFzcyUzRCUyMmNvbHVtbl9jb250YWN0b3MlMjIlM0UlM0NoMSUyMHN0eWxlJTNEJTIyZm9udC1zaXplJTNBJTIwMTVweCUzQiUyMHRleHQtYWxpZ24lM0ElMjBsZWZ0JTNCJTIwY29sb3IlM0ElMjAlMjMwMDAwMDAlMjIlM0UlM0NzcGFuJTIwY2xhc3MlM0QlMjJsaW5oYV9jb250YWN0b3MlMjIlM0Vjb24lM0MlMkZzcGFuJTNFdGFjdG8lM0MlMkZoMSUzRSUwQSUzQ2gyJTIwc3R5bGUlM0QlMjJmb250LXNpemUlM0ElMjAyMXB4JTNCJTIwdGV4dC1hbGlnbiUzQSUyMGxlZnQlM0IlMjIlM0UlM0NhJTIwaHJlZiUzRCUyMmh0dHBzJTNBJTJGJTJGd2EubWUlMkYzNTEyNTY4MTcwNjMlMjIlM0UlMkIzNTElMjAyNTYlMjA4MTclMjAwNjMlM0MlMkZhJTNFJTNDJTJGaDIlM0UlM0MlMkZkaXYlM0UlMEElM0NkaXYlMjBjbGFzcyUzRCUyMmNvbHVtbl9jb250YWN0b3MlMjIlM0UlM0NoMSUyMHN0eWxlJTNEJTIyZm9udC1zaXplJTNBJTIwMTVweCUzQiUyMHRleHQtYWxpZ24lM0ElMjBsZWZ0JTNCJTIwY29sb3IlM0ElMjAlMjMwMDAwMDAlMjIlM0UlM0NzcGFuJTIwY2xhc3MlM0QlMjJsaW5oYV9jb250YWN0b3MlMjIlM0VlLW0lM0MlMkZzcGFuJTNFYWlsJTNDJTJGaDElM0UlMEElM0NoMiUyMHN0eWxlJTNEJTIyZm9udC1zaXplJTNBJTIwMjFweCUzQiUyMHRleHQtYWxpZ24lM0ElMjBsZWZ0JTNCJTIyJTNFJTNDYSUyMGhyZWYlM0QlMjJtYWlsdG8lM0ElMjBnZXJhbCU0MGZvb3R1cmUucHQlMjIlM0VnZXJhbCU0MGZvb3R1cmUucHQlM0MlMkZhJTNFJTNDJTJGaDIlM0UlM0MlMkZkaXYlM0UlMEElM0MlMkZkaXYlM0UlMEElM0MlMkZkaXYlM0U=[\/vc_raw_html][vc_wp_text]<\/p>\n<div class=\"contactos_centrado\">\n<h1 style=\"text-align: center; font-size: 40px; letter-spacing: 1px;\" class=\" translation-block\">Kee<span class=\"linha\">p in to<\/span>uch<\/h1>\n<\/div>\n<p>[\/vc_wp_text][vc_wp_text]<\/p>\n<h2 style=\"text-align: center; font-size: 18px; line-height: 1.4;\">Leave your message or your doubts,<br \/>\nwe promise to be brief in response.<br \/>\nThank you<\/h2>\n<p>[\/vc_wp_text]<div role=\"form\" class=\"wpcf7\" id=\"wpcf7-f3366-o1\" lang=\"en-US\" dir=\"ltr\">\n<div class=\"screen-reader-response\"><p role=\"status\" aria-live=\"polite\" aria-atomic=\"true\"><\/p> <ul><\/ul><\/div>\n<form action=\"\/en\/wp-json\/wp\/v2\/pages\/877#wpcf7-f3366-o1\" method=\"post\" class=\"wpcf7-form init cf7_custom_style_1\" novalidate=\"novalidate\" data-status=\"init\" data-trp-original-action=\"\/en\/wp-json\/wp\/v2\/pages\/877#wpcf7-f3366-o1\">\n<div style=\"display: none;\">\n<input type=\"hidden\" name=\"_wpcf7\" value=\"3366\" \/>\n<input type=\"hidden\" name=\"_wpcf7_version\" value=\"5.3.2\" \/>\n<input type=\"hidden\" name=\"_wpcf7_locale\" value=\"en_US\" \/>\n<input type=\"hidden\" name=\"_wpcf7_unit_tag\" value=\"wpcf7-f3366-o1\" \/>\n<input type=\"hidden\" name=\"_wpcf7_container_post\" value=\"0\" \/>\n<input type=\"hidden\" name=\"_wpcf7_posted_data_hash\" value=\"\" \/>\n<\/div>\n<p><label> name:<br \/>\n    <span class=\"wpcf7-form-control-wrap your-name\"><input type=\"text\" name=\"your-name\" value=\"\" size=\"40\" class=\"wpcf7-form-control wpcf7-text wpcf7-validates-as-required\" aria-required=\"true\" aria-invalid=\"false\" \/><\/span> <\/label><\/p>\n<p><label> email:<br \/>\n    <span class=\"wpcf7-form-control-wrap your-email\"><input type=\"email\" name=\"your-email\" value=\"\" size=\"40\" class=\"wpcf7-form-control wpcf7-text wpcf7-email wpcf7-validates-as-required wpcf7-validates-as-email\" aria-required=\"true\" aria-invalid=\"false\" \/><\/span> <\/label><\/p>\n<p><label> message<br \/>\n    <span class=\"wpcf7-form-control-wrap your-message\"><textarea name=\"your-message\" cols=\"40\" rows=\"10\" class=\"wpcf7-form-control wpcf7-textarea\" aria-invalid=\"false\"><\/textarea><\/span> <\/label><\/p>\n<p><input type=\"submit\" value=\"SEND\" class=\"wpcf7-form-control wpcf7-submit\" \/><\/p>\n<div class=\"wpcf7-response-output\" aria-hidden=\"true\"><\/div><input type=\"hidden\" name=\"trp-form-language\" value=\"en\"\/><\/form><\/div>[vc_empty_space height=&#8221;50px&#8221;][\/vc_column_inner][\/vc_row_inner][vc_row_inner content_text_aligment=&#8221;center&#8221; css=&#8221;.vc_custom_1611944656589{padding-top: 20px !important;padding-right: 25px !important;padding-left: 25px !important;}&#8221;][vc_column_inner offset=&#8221;vc_hidden-lg vc_hidden-md&#8221;][vc_column_text css=&#8221;.vc_custom_1611944581112{padding-right: 5px !important;padding-bottom: 50px !important;padding-left: 5px !important;}&#8221;]<\/p>\n<div class=\"contactos_centrados\">\n<h1 style=\"text-align: center;\"><span class=\"linha\">CONTACTS<\/span><\/h1>\n<p>&nbsp;<\/p><\/div>\n<h1 style=\"font-size: 15px; text-align: left;\" class=\" translation-block\"><span class=\"linha_contactos\">Adr<\/span>ess<\/h1>\n<h2 style=\"font-size: 21px; text-align: left; line-height: 1.4;\">Rua da Pedra Verde N\u00ba 80 J,<br \/>\n3700-715 Macieira de Sarnes,<br \/>\nPortugal<\/h2>\n<h1 style=\"font-size: 15px; text-align: left;\" class=\" translation-block\"><span class=\"linha_contactos\">con<\/span>tacts<\/h1>\n<h2 style=\"font-size: 21px; text-align: left;\"><a href=\"https:\/\/wa.me\/351256817063\">+351 256 817 063<\/a><\/h2>\n<h1 style=\"font-size: 15px; text-align: left;\" class=\" translation-block\"><span class=\"linha_contactos\">e-m<\/span>ail<\/h1>\n<h2 style=\"font-size: 21px; text-align: left;\"><a href=\"mailto: geral@footure.pt\">geral@footure.pt<\/a><\/h2>\n<p>[\/vc_column_text][vc_wp_text]<\/p>\n<div class=\"contactos_centrado\">\n<h1 style=\"text-align: center; font-size: 30px;\" class=\" translation-block\">Kee<span class=\"linha\">p in to<\/span>uch<\/h1>\n<\/div>\n<p>[\/vc_wp_text][vc_wp_text]<\/p>\n<h2 style=\"text-align: center; font-size: 18px; line-height: 1.4;\">Leave your message or your doubts,<br \/>\nwe promise to be brief in response.<br \/>\nThank you<\/h2>\n<p>[\/vc_wp_text][vc_empty_space height=&#8221;20px&#8221;]<div role=\"form\" class=\"wpcf7\" id=\"wpcf7-f3366-o2\" lang=\"en-US\" dir=\"ltr\">\n<div class=\"screen-reader-response\"><p role=\"status\" aria-live=\"polite\" aria-atomic=\"true\"><\/p> <ul><\/ul><\/div>\n<form action=\"\/en\/wp-json\/wp\/v2\/pages\/877#wpcf7-f3366-o2\" method=\"post\" class=\"wpcf7-form init cf7_custom_style_1\" novalidate=\"novalidate\" data-status=\"init\" data-trp-original-action=\"\/en\/wp-json\/wp\/v2\/pages\/877#wpcf7-f3366-o2\">\n<div style=\"display: none;\">\n<input type=\"hidden\" name=\"_wpcf7\" value=\"3366\" \/>\n<input type=\"hidden\" name=\"_wpcf7_version\" value=\"5.3.2\" \/>\n<input type=\"hidden\" name=\"_wpcf7_locale\" value=\"en_US\" \/>\n<input type=\"hidden\" name=\"_wpcf7_unit_tag\" value=\"wpcf7-f3366-o2\" \/>\n<input type=\"hidden\" name=\"_wpcf7_container_post\" value=\"0\" \/>\n<input type=\"hidden\" name=\"_wpcf7_posted_data_hash\" value=\"\" \/>\n<\/div>\n<p><label> name:<br \/>\n    <span class=\"wpcf7-form-control-wrap your-name\"><input type=\"text\" name=\"your-name\" value=\"\" size=\"40\" class=\"wpcf7-form-control wpcf7-text wpcf7-validates-as-required\" aria-required=\"true\" aria-invalid=\"false\" \/><\/span> <\/label><\/p>\n<p><label> email:<br \/>\n    <span class=\"wpcf7-form-control-wrap your-email\"><input type=\"email\" name=\"your-email\" value=\"\" size=\"40\" class=\"wpcf7-form-control wpcf7-text wpcf7-email wpcf7-validates-as-required wpcf7-validates-as-email\" aria-required=\"true\" aria-invalid=\"false\" \/><\/span> <\/label><\/p>\n<p><label> message<br \/>\n    <span class=\"wpcf7-form-control-wrap your-message\"><textarea name=\"your-message\" cols=\"40\" rows=\"10\" class=\"wpcf7-form-control wpcf7-textarea\" aria-invalid=\"false\"><\/textarea><\/span> <\/label><\/p>\n<p><input type=\"submit\" value=\"SEND\" class=\"wpcf7-form-control wpcf7-submit\" \/><\/p>\n<div class=\"wpcf7-response-output\" aria-hidden=\"true\"><\/div><input type=\"hidden\" name=\"trp-form-language\" value=\"en\"\/><\/form><\/div>[vc_empty_space height=&#8221;50px&#8221;][\/vc_column_inner][\/vc_row_inner][\/vc_column][\/vc_row][vc_row][vc_column][vc_row_inner][vc_column_inner offset=&#8221;vc_hidden-sm vc_hidden-xs&#8221;][vc_single_image image=&#8221;4198&#8243; img_size=&#8221;3000&#8243; alignment=&#8221;center&#8221; onclick=&#8221;custom_link&#8221; img_link_target=&#8221;_blank&#8221; link=&#8221;https:\/\/www.google.com\/maps\/place\/Footure+Unipessoal+Lda\/@40.9011461,-8.4742341,15.88z\/data=!4m5!3m4!1s0xd237f52137c7359:0x19df009e105609f4!8m2!3d40.9015409!4d-8.4746558&#8243;][\/vc_column_inner][\/vc_row_inner][vc_row_inner][vc_column_inner offset=&#8221;vc_hidden-lg vc_hidden-md&#8221;][vc_single_image image=&#8221;4782&#8243; img_size=&#8221;large&#8221; alignment=&#8221;center&#8221; onclick=&#8221;custom_link&#8221; img_link_target=&#8221;_blank&#8221; link=&#8221;https:\/\/www.google.com\/maps\/place\/Footure+Unipessoal+Lda\/@40.9011461,-8.4742341,15.88z\/data=!4m5!3m4!1s0xd237f52137c7359:0x19df009e105609f4!8m2!3d40.9015409!4d-8.4746558&#8243;][\/vc_column_inner][\/vc_row_inner][\/vc_column][\/vc_row]<\/p>","protected":false},"excerpt":{"rendered":"<p>[vc_row][vc_column][vc_row_inner][vc_column_inner offset=&#8221;vc_hidden-sm vc_hidden-xs&#8221;][vc_raw_html]JTNDZGl2JTIwY2xhc3MlM0QlMjJjb250YWN0b3NfY2VudHJhZG9zJTIyJTNFJTNDaDElMjBzdHlsZSUzRCUyMnRleHQtYWxpZ24lM0ElMjBjZW50ZXIlM0IlMjBsZXR0ZXItc3BhY2luZyUzQSUyMDFweCUyMiUzRSUzQ3NwYW4lMjBjbGFzcyUzRCUyMmxpbmhhJTIyJTNFQ09OVEFDVE9TJTNDJTJGc3BhbiUzRSUzQyUyRmgxJTNFJTNDJTJGZGl2JTNF[\/vc_raw_html][vc_raw_html]JTNDZGl2JTIwY2xhc3MlM0QlMjJjb250YWN0b3NfY2VudHJhZG9zJTIyJTNFJTBBJTNDZGl2JTIwY2xhc3MlM0QlMjJyb3clMjIlM0UlMEElM0NkaXYlMjBjbGFzcyUzRCUyMmNvbHVtbl9jb250YWN0b3MlMjIlM0UlM0NoMSUyMHN0eWxlJTNEJTIyZm9udC1zaXplJTNBJTIwMTVweCUzQiUyMHRleHQtYWxpZ24lM0ElMjBsZWZ0JTNCJTIwY29sb3IlM0ElMjAlMjMwMDAwMDAlMjIlM0UlM0NzcGFuJTIwY2xhc3MlM0QlMjJsaW5oYV9jb250YWN0b3MlMjIlM0Vtb3IlM0MlMkZzcGFuJTNFYWRhJTNDJTJGaDElM0UlMEElM0NoMiUyMHN0eWxlJTNEJTIyZm9udC1zaXplJTNBJTIwMjFweCUzQiUyMHRleHQtYWxpZ24lM0ElMjBsZWZ0JTNCJTIwbGluZS1oZWlnaHQlM0ElMjAxLjQlM0IlMjIlM0VSdWElMjBkYSUyMFBlZHJhJTIwVmVyZGUlMjBOJUMyJUJBJTIwODAlMjBKJTJDJTBBJTNDYnIlM0UlMEEzNzAwLTcxNSUyME1hY2llaXJhJTIwZGUlMjBTYXJuZXMlMkMlMEElM0NiciUzRSUwQVBvcnR1Z2FsJTNDJTJGaDIlM0UlM0MlMkZkaXYlM0UlMEElM0NkaXYlMjBjbGFzcyUzRCUyMmNvbHVtbl9jb250YWN0b3MlMjIlM0UlM0NoMSUyMHN0eWxlJTNEJTIyZm9udC1zaXplJTNBJTIwMTVweCUzQiUyMHRleHQtYWxpZ24lM0ElMjBsZWZ0JTNCJTIwY29sb3IlM0ElMjAlMjMwMDAwMDAlMjIlM0UlM0NzcGFuJTIwY2xhc3MlM0QlMjJsaW5oYV9jb250YWN0b3MlMjIlM0Vjb24lM0MlMkZzcGFuJTNFdGFjdG8lM0MlMkZoMSUzRSUwQSUzQ2gyJTIwc3R5bGUlM0QlMjJmb250LXNpemUlM0ElMjAyMXB4JTNCJTIwdGV4dC1hbGlnbiUzQSUyMGxlZnQlM0IlMjIlM0UlM0NhJTIwaHJlZiUzRCUyMmh0dHBzJTNBJTJGJTJGd2EubWUlMkYzNTEyNTY4MTcwNjMlMjIlM0UlMkIzNTElMjAyNTYlMjA4MTclMjAwNjMlM0MlMkZhJTNFJTNDJTJGaDIlM0UlM0MlMkZkaXYlM0UlMEElM0NkaXYlMjBjbGFzcyUzRCUyMmNvbHVtbl9jb250YWN0b3MlMjIlM0UlM0NoMSUyMHN0eWxlJTNEJTIyZm9udC1zaXplJTNBJTIwMTVweCUzQiUyMHRleHQtYWxpZ24lM0ElMjBsZWZ0JTNCJTIwY29sb3IlM0ElMjAlMjMwMDAwMDAlMjIlM0UlM0NzcGFuJTIwY2xhc3MlM0QlMjJsaW5oYV9jb250YWN0b3MlMjIlM0VlLW0lM0MlMkZzcGFuJTNFYWlsJTNDJTJGaDElM0UlMEElM0NoMiUyMHN0eWxlJTNEJTIyZm9udC1zaXplJTNBJTIwMjFweCUzQiUyMHRleHQtYWxpZ24lM0ElMjBsZWZ0JTNCJTIyJTNFJTNDYSUyMGhyZWYlM0QlMjJtYWlsdG8lM0ElMjBnZXJhbCU0MGZvb3R1cmUucHQlMjIlM0VnZXJhbCU0MGZvb3R1cmUucHQlM0MlMkZhJTNFJTNDJTJGaDIlM0UlM0MlMkZkaXYlM0UlMEElM0MlMkZkaXYlM0UlMEElM0MlMkZkaXYlM0U=[\/vc_raw_html][vc_wp_text] entre em contacto [\/vc_wp_text][vc_wp_text] Deixe a sua mensagem ou as suas d\u00favidas, prometemos ser breves na resposta. Obrigado [\/vc_wp_text][vc_empty_space height=&#8221;50px&#8221;][\/vc_column_inner][\/vc_row_inner][vc_row_inner content_text_aligment=&#8221;center&#8221; css=&#8221;.vc_custom_1611944656589{padding-top: 20px !important;padding-right: 25px !important;padding-left: 25px !important;}&#8221;][vc_column_inner offset=&#8221;vc_hidden-lg vc_hidden-md&#8221;][vc_column_text css=&#8221;.vc_custom_1611944581112{padding-right: 5px !important;padding-bottom: 50px !important;padding-left: 5px !important;}&#8221;] [&hellip;]<\/p>","protected":false},"author":1,"featured_media":0,"parent":0,"menu_order":0,"comment_status":"closed","ping_status":"closed","template":"full-width.php","meta":[],"yoast_head":"<!-- This site is optimized with the Yoast SEO plugin v15.7 - https:\/\/yoast.com\/wordpress\/plugins\/seo\/ -->\n<title>Contactos - Footure<\/title>\n<meta name=\"description\" content=\"A footure assume-se como uma empresa especializada para a produ\u00e7\u00e3o e transforma\u00e7\u00e3o de testeiras e contrafortes em Portugal.\" \/>\n<meta name=\"robots\" content=\"index, follow, max-snippet:-1, max-image-preview:large, max-video-preview:-1\" \/>\n<link rel=\"canonical\" href=\"https:\/\/footure.pt\/en\/contactos\/\" \/>\n<meta property=\"og:locale\" content=\"en_GB\" \/>\n<meta property=\"og:type\" content=\"article\" \/>\n<meta property=\"og:title\" content=\"Contactos - Footure\" \/>\n<meta property=\"og:description\" content=\"A footure assume-se como uma empresa especializada para a produ\u00e7\u00e3o e transforma\u00e7\u00e3o de testeiras e contrafortes em Portugal.\" \/>\n<meta property=\"og:url\" content=\"https:\/\/footure.pt\/en\/contactos\/\" \/>\n<meta property=\"og:site_name\" content=\"Footure\" \/>\n<meta property=\"article:publisher\" content=\"https:\/\/www.facebook.com\/footurept\/\" \/>\n<meta property=\"article:modified_time\" content=\"2021-02-11T14:39:56+00:00\" \/>\n<meta name=\"twitter:card\" content=\"summary_large_image\" \/>\n<meta name=\"twitter:label1\" content=\"Estimated reading time\">\n\t<meta name=\"twitter:data1\" content=\"1 minute\">\n<script type=\"application\/ld+json\" class=\"yoast-schema-graph\">{\"@context\":\"https:\/\/schema.org\",\"@graph\":[{\"@type\":\"Organization\",\"@id\":\"https:\/\/footure.pt\/#organization\",\"name\":\"Footure\",\"url\":\"https:\/\/footure.pt\/\",\"sameAs\":[\"https:\/\/www.facebook.com\/footurept\/\",\"https:\/\/www.instagram.com\/footurept\/\",\"https:\/\/www.linkedin.com\/company\/footurept\"],\"logo\":{\"@type\":\"ImageObject\",\"@id\":\"https:\/\/footure.pt\/#logo\",\"inLanguage\":\"en-GB\",\"url\":\"https:\/\/footure.pt\/wp-content\/uploads\/2020\/12\/Logofundo-branco_Prancheta-1.png\",\"width\":2658,\"height\":1034,\"caption\":\"Footure\"},\"image\":{\"@id\":\"https:\/\/footure.pt\/#logo\"}},{\"@type\":\"WebSite\",\"@id\":\"https:\/\/footure.pt\/#website\",\"url\":\"https:\/\/footure.pt\/\",\"name\":\"Footure\",\"description\":\"footure\",\"publisher\":{\"@id\":\"https:\/\/footure.pt\/#organization\"},\"potentialAction\":[{\"@type\":\"SearchAction\",\"target\":\"https:\/\/footure.pt\/?s={search_term_string}\",\"query-input\":\"required name=search_term_string\"}],\"inLanguage\":\"en-GB\"},{\"@type\":\"WebPage\",\"@id\":\"https:\/\/footure.pt\/contactos\/#webpage\",\"url\":\"https:\/\/footure.pt\/contactos\/\",\"name\":\"Contactos - Footure\",\"isPartOf\":{\"@id\":\"https:\/\/footure.pt\/#website\"},\"datePublished\":\"2017-12-13T15:30:17+00:00\",\"dateModified\":\"2021-02-11T14:39:56+00:00\",\"description\":\"A footure assume-se como uma empresa especializada para a produ\\u00e7\\u00e3o e transforma\\u00e7\\u00e3o de testeiras e contrafortes em Portugal.\",\"inLanguage\":\"en-GB\",\"potentialAction\":[{\"@type\":\"ReadAction\",\"target\":[\"https:\/\/footure.pt\/contactos\/\"]}]}]}<\/script>\n<!-- \/ Yoast SEO plugin. -->","_links":{"self":[{"href":"https:\/\/footure.pt\/en\/wp-json\/wp\/v2\/pages\/877"}],"collection":[{"href":"https:\/\/footure.pt\/en\/wp-json\/wp\/v2\/pages"}],"about":[{"href":"https:\/\/footure.pt\/en\/wp-json\/wp\/v2\/types\/page"}],"author":[{"embeddable":true,"href":"https:\/\/footure.pt\/en\/wp-json\/wp\/v2\/users\/1"}],"replies":[{"embeddable":true,"href":"https:\/\/footure.pt\/en\/wp-json\/wp\/v2\/comments?post=877"}],"version-history":[{"count":35,"href":"https:\/\/footure.pt\/en\/wp-json\/wp\/v2\/pages\/877\/revisions"}],"predecessor-version":[{"id":4856,"href":"https:\/\/footure.pt\/en\/wp-json\/wp\/v2\/pages\/877\/revisions\/4856"}],"wp:attachment":[{"href":"https:\/\/footure.pt\/en\/wp-json\/wp\/v2\/media?parent=877"}],"curies":[{"name":"wp","href":"https:\/\/api.w.org\/{rel}","templated":true}]}}