{"id":502,"date":"2017-12-13T08:38:46","date_gmt":"2017-12-13T08:38:46","guid":{"rendered":"http:\/\/mane.elated-themes.com\/?page_id=502"},"modified":"2021-02-02T10:51:03","modified_gmt":"2021-02-02T10:51:03","slug":"sustentabilidade","status":"publish","type":"page","link":"https:\/\/footure.pt\/en\/sustentabilidade\/","title":{"rendered":"sustainability"},"content":{"rendered":"<p>[vc_row content_placement=&#8221;top&#8221; css=&#8221;.vc_custom_1611051547771{margin-top: 50px !important;}&#8221;][vc_column][vc_row_inner content_text_aligment=&#8221;center&#8221; css=&#8221;.vc_custom_1611927962094{padding-right: 300px !important;padding-left: 300px !important;}&#8221;][vc_column_inner offset=&#8221;vc_hidden-xs&#8221;][vc_empty_space height=&#8221;30&#8243;][vc_raw_html]JTNDaW1nJTIwc3JjJTNEJTIyaHR0cHMlM0ElMkYlMkZmb290dXJlLnB0JTJGd3AtY29udGVudCUyRnVwbG9hZHMlMkYyMDIxJTJGMDElMkZQUk9DRVNTTy0wOS5wbmclMjIlM0U=[\/vc_raw_html][vc_empty_space height=&#8221;40&#8243;][\/vc_column_inner][\/vc_row_inner][vc_row_inner content_text_aligment=&#8221;center&#8221; css=&#8221;.vc_custom_1611930982947{padding-right: 30px !important;padding-left: 30px !important;}&#8221;][vc_column_inner offset=&#8221;vc_hidden-lg vc_hidden-md vc_hidden-sm&#8221;][vc_empty_space height=&#8221;30&#8243;][vc_raw_html]JTNDaW1nJTIwc3JjJTNEJTIyaHR0cHMlM0ElMkYlMkZmb290dXJlLnB0JTJGd3AtY29udGVudCUyRnVwbG9hZHMlMkYyMDIxJTJGMDElMkZTVVNULTA5LnBuZyUyMiUzRQ==[\/vc_raw_html][vc_empty_space height=&#8221;40&#8243;][\/vc_column_inner][\/vc_row_inner][vc_row_inner content_placement=&#8221;top&#8221; css=&#8221;.vc_custom_1611933207885{padding-right: 300px !important;padding-left: 300px !important;}&#8221;][vc_column_inner width=&#8221;1\/3&#8243; css=&#8221;.vc_custom_1611930297234{margin-left: 50px !important;}&#8221; offset=&#8221;vc_hidden-sm vc_hidden-xs&#8221;][vc_raw_html css=&#8221;.vc_custom_1611933222196{margin-top: 80px !important;}&#8221;]JTNDaDElMjBzdHlsZSUzRCUyMmZvbnQtc2l6ZSUzQSUyMDQwcHglM0IlMjIlM0UlM0NzcGFuJTIwc3R5bGUlM0QlMjIlMjBsZXR0ZXItc3BhY2luZyUzQSUyMDFweCUzQiUyMiUzRSUzQ3NwYW4lMjBjbGFzcyUzRCUyMmxpbmhhX3ZlcnRpY2FsJTIyJTNFUFJJTkMlQzMlOERQSU9TJTNDJTJGc3BhbiUzRSUzQ2JyJTNFRSUyME9CSkVUSVZPUyUzQyUyRmgxJTNFJTNDJTJGc3BhbiUzRQ==[\/vc_raw_html][\/vc_column_inner][vc_column_inner width=&#8221;2\/3&#8243; css=&#8221;.vc_custom_1611930290327{padding-left: 50px !important;}&#8221; offset=&#8221;vc_hidden-sm vc_hidden-xs&#8221;][vc_column_text css=&#8221;.vc_custom_1611919544643{padding-left: px !important;}&#8221;]<\/p>\n<h2 style=\"text-align: left; font-size: 23px;\">FOOTURE has as one of its main strategic objectives the total elimination of the residues generated in its manufacturing processes of toepuffs and counters.<\/h2>\n<p>[\/vc_column_text][vc_raw_html css=&#8221;.vc_custom_1611933165887{margin-bottom: 100px !important;}&#8221;]JTNDaDElMjBzdHlsZSUzRCUyMmZvbnQtc2l6ZSUzQSUyMDI4cHglM0IlMjBmb250LXdlaWdodCUzQSUyMDcwMCUyMiUzRUElMjBGb290dXJlJTIwYWZpcm1hLXNlJTIwY29tJTIwdW1hJTIwJTNDc3BhbiUyMGNsYXNzJTNEJTIybGluaGFfc29icmUlMjIlM0VlbXByZXNhJTIwZWNvLWZyaWVuZGx5JTJDJTNDJTJGc3BhbiUzRSUyMHBlcm1pdGluZG8lMkMlMjBkZXN0YSUyMGZvcm1hJTJDJTIwdW0lMjBjYW1pbmhvJTIwbWFpcyUyMHN1c3RlbnQlQzMlQTF2ZWwlMjBlJTIwdW0lMjBwbGFuZXRhJTIwbWFpcyUyMHByb3RlZ2lkby4lM0MlMkZoMSUzRQ==[\/vc_raw_html][\/vc_column_inner][\/vc_row_inner][vc_row_inner content_placement=&#8221;middle&#8221; content_text_aligment=&#8221;center&#8221; css=&#8221;.vc_custom_1611929847297{padding-right: 25px !important;padding-left: 25px !important;}&#8221;][vc_column_inner offset=&#8221;vc_hidden-lg vc_hidden-md&#8221;][vc_raw_html]JTNDc3BhbiUyMHN0eWxlJTNEJTIybGluZS13ZWlnaHQlM0ElMjAxcHglMjIlM0UlM0NoMSUyMHN0eWxlJTNEJTIyZm9udC1zaXplJTNBJTIwMzVweCUzQiUyMHRleHQtYWxpZ24lM0ElMjBjZW50ZXIlMjIlM0UlM0NzcGFuJTIwY2xhc3MlM0QlMjJsaW5oYV92ZXJ0aWNhbCUyMiUzRVBSSU5DJUMzJThEUElPUyUzQyUyRnNwYW4lM0UlM0NiciUzRUUlMjBPQkpFVElWT1MlM0MlMkZoMSUzRSUzQyUyRnNwYW4lM0U=[\/vc_raw_html][vc_column_text css=&#8221;.vc_custom_1612263052950{padding-left: px !important;}&#8221;]<\/p>\n<h2 style=\"font-size: 20px; color: #000000; text-align: center;\">FOOTURE has as one of its main strategic objectives the total elimination of the residues generated in its manufacturing processes of toepuffs and counters.<\/h2>\n<p>[\/vc_column_text][vc_raw_html css=&#8221;.vc_custom_1612263061837{margin-top: -10px !important;}&#8221;]JTNDaDElMjBzdHlsZSUzRCUyMmZvbnQtc2l6ZSUzQSUyMDI1cHglM0IlMjBmb250LXdlaWdodCUzQSUyMDcwMCUzQiUyMHRleHQtYWxpZ24lM0ElMjBjZW50ZXIlMjIlM0VBJTIwRm9vdHVyZSUyMGFmaXJtYS1zZSUyMGNvbSUyMHVtYSUyMCUzQ3NwYW4lMjBjbGFzcyUzRCUyMmxpbmhhX3NvYnJlJTIyJTNFZW1wcmVzYSUyMGVjby1mcmllbmRseSUyQyUzQyUyRnNwYW4lM0UlMjBwZXJtaXRpbmRvJTJDJTIwZGVzdGElMjBmb3JtYSUyQyUyMHVtJTIwY2FtaW5obyUyMG1haXMlMjBzdXN0ZW50JUMzJUExdmVsJTIwZSUyMHVtJTIwcGxhbmV0YSUyMG1haXMlMjBwcm90ZWdpZG8uJTNDJTJGaDElM0U=[\/vc_raw_html][vc_empty_space height=&#8221;50px&#8221;][\/vc_column_inner][\/vc_row_inner][\/vc_column][\/vc_row]<\/p>","protected":false},"excerpt":{"rendered":"<p>[vc_row content_placement=&#8221;top&#8221; css=&#8221;.vc_custom_1611051547771{margin-top: 50px !important;}&#8221;][vc_column][vc_row_inner content_text_aligment=&#8221;center&#8221; css=&#8221;.vc_custom_1611927962094{padding-right: 300px !important;padding-left: 300px !important;}&#8221;][vc_column_inner offset=&#8221;vc_hidden-xs&#8221;][vc_empty_space height=&#8221;30&#8243;][vc_raw_html]JTNDaW1nJTIwc3JjJTNEJTIyaHR0cHMlM0ElMkYlMkZmb290dXJlLnB0JTJGd3AtY29udGVudCUyRnVwbG9hZHMlMkYyMDIxJTJGMDElMkZQUk9DRVNTTy0wOS5wbmclMjIlM0U=[\/vc_raw_html][vc_empty_space height=&#8221;40&#8243;][\/vc_column_inner][\/vc_row_inner][vc_row_inner content_text_aligment=&#8221;center&#8221; css=&#8221;.vc_custom_1611930982947{padding-right: 30px !important;padding-left: 30px !important;}&#8221;][vc_column_inner offset=&#8221;vc_hidden-lg vc_hidden-md vc_hidden-sm&#8221;][vc_empty_space height=&#8221;30&#8243;][vc_raw_html]JTNDaW1nJTIwc3JjJTNEJTIyaHR0cHMlM0ElMkYlMkZmb290dXJlLnB0JTJGd3AtY29udGVudCUyRnVwbG9hZHMlMkYyMDIxJTJGMDElMkZTVVNULTA5LnBuZyUyMiUzRQ==[\/vc_raw_html][vc_empty_space height=&#8221;40&#8243;][\/vc_column_inner][\/vc_row_inner][vc_row_inner content_placement=&#8221;top&#8221; css=&#8221;.vc_custom_1611933207885{padding-right: 300px !important;padding-left: 300px !important;}&#8221;][vc_column_inner width=&#8221;1\/3&#8243; css=&#8221;.vc_custom_1611930297234{margin-left: 50px !important;}&#8221; offset=&#8221;vc_hidden-sm vc_hidden-xs&#8221;][vc_raw_html css=&#8221;.vc_custom_1611933222196{margin-top: 80px !important;}&#8221;]JTNDaDElMjBzdHlsZSUzRCUyMmZvbnQtc2l6ZSUzQSUyMDQwcHglM0IlMjIlM0UlM0NzcGFuJTIwc3R5bGUlM0QlMjIlMjBsZXR0ZXItc3BhY2luZyUzQSUyMDFweCUzQiUyMiUzRSUzQ3NwYW4lMjBjbGFzcyUzRCUyMmxpbmhhX3ZlcnRpY2FsJTIyJTNFUFJJTkMlQzMlOERQSU9TJTNDJTJGc3BhbiUzRSUzQ2JyJTNFRSUyME9CSkVUSVZPUyUzQyUyRmgxJTNFJTNDJTJGc3BhbiUzRQ==[\/vc_raw_html][\/vc_column_inner][vc_column_inner [&hellip;]<\/p>","protected":false},"author":1,"featured_media":0,"parent":0,"menu_order":0,"comment_status":"closed","ping_status":"closed","template":"full-width.php","meta":[],"yoast_head":"<!-- This site is optimized with the Yoast SEO plugin v15.7 - https:\/\/yoast.com\/wordpress\/plugins\/seo\/ -->\n<title>Sustentabilidade - Footure<\/title>\n<meta name=\"description\" content=\"A footure assume-se como uma empresa especializada para a produ\u00e7\u00e3o e transforma\u00e7\u00e3o de testeiras e contrafortes em Portugal.\" \/>\n<meta name=\"robots\" content=\"index, follow, max-snippet:-1, max-image-preview:large, max-video-preview:-1\" \/>\n<link rel=\"canonical\" href=\"https:\/\/footure.pt\/en\/sustentabilidade\/\" \/>\n<meta property=\"og:locale\" content=\"en_GB\" \/>\n<meta property=\"og:type\" content=\"article\" \/>\n<meta property=\"og:title\" content=\"Sustentabilidade - Footure\" \/>\n<meta property=\"og:description\" content=\"A footure assume-se como uma empresa especializada para a produ\u00e7\u00e3o e transforma\u00e7\u00e3o de testeiras e contrafortes em Portugal.\" \/>\n<meta property=\"og:url\" content=\"https:\/\/footure.pt\/en\/sustentabilidade\/\" \/>\n<meta property=\"og:site_name\" content=\"Footure\" \/>\n<meta property=\"article:publisher\" content=\"https:\/\/www.facebook.com\/footurept\/\" \/>\n<meta property=\"article:modified_time\" content=\"2021-02-02T10:51:03+00:00\" \/>\n<meta name=\"twitter:card\" content=\"summary_large_image\" \/>\n<meta name=\"twitter:label1\" content=\"Estimated reading time\">\n\t<meta name=\"twitter:data1\" content=\"1 minute\">\n<script type=\"application\/ld+json\" class=\"yoast-schema-graph\">{\"@context\":\"https:\/\/schema.org\",\"@graph\":[{\"@type\":\"Organization\",\"@id\":\"https:\/\/footure.pt\/#organization\",\"name\":\"Footure\",\"url\":\"https:\/\/footure.pt\/\",\"sameAs\":[\"https:\/\/www.facebook.com\/footurept\/\",\"https:\/\/www.instagram.com\/footurept\/\",\"https:\/\/www.linkedin.com\/company\/footurept\"],\"logo\":{\"@type\":\"ImageObject\",\"@id\":\"https:\/\/footure.pt\/#logo\",\"inLanguage\":\"en-GB\",\"url\":\"https:\/\/footure.pt\/wp-content\/uploads\/2020\/12\/Logofundo-branco_Prancheta-1.png\",\"width\":2658,\"height\":1034,\"caption\":\"Footure\"},\"image\":{\"@id\":\"https:\/\/footure.pt\/#logo\"}},{\"@type\":\"WebSite\",\"@id\":\"https:\/\/footure.pt\/#website\",\"url\":\"https:\/\/footure.pt\/\",\"name\":\"Footure\",\"description\":\"footure\",\"publisher\":{\"@id\":\"https:\/\/footure.pt\/#organization\"},\"potentialAction\":[{\"@type\":\"SearchAction\",\"target\":\"https:\/\/footure.pt\/?s={search_term_string}\",\"query-input\":\"required name=search_term_string\"}],\"inLanguage\":\"en-GB\"},{\"@type\":\"WebPage\",\"@id\":\"https:\/\/footure.pt\/sustentabilidade\/#webpage\",\"url\":\"https:\/\/footure.pt\/sustentabilidade\/\",\"name\":\"Sustentabilidade - Footure\",\"isPartOf\":{\"@id\":\"https:\/\/footure.pt\/#website\"},\"datePublished\":\"2017-12-13T08:38:46+00:00\",\"dateModified\":\"2021-02-02T10:51:03+00:00\",\"description\":\"A footure assume-se como uma empresa especializada para a produ\\u00e7\\u00e3o e transforma\\u00e7\\u00e3o de testeiras e contrafortes em Portugal.\",\"inLanguage\":\"en-GB\",\"potentialAction\":[{\"@type\":\"ReadAction\",\"target\":[\"https:\/\/footure.pt\/sustentabilidade\/\"]}]}]}<\/script>\n<!-- \/ Yoast SEO plugin. -->","_links":{"self":[{"href":"https:\/\/footure.pt\/en\/wp-json\/wp\/v2\/pages\/502"}],"collection":[{"href":"https:\/\/footure.pt\/en\/wp-json\/wp\/v2\/pages"}],"about":[{"href":"https:\/\/footure.pt\/en\/wp-json\/wp\/v2\/types\/page"}],"author":[{"embeddable":true,"href":"https:\/\/footure.pt\/en\/wp-json\/wp\/v2\/users\/1"}],"replies":[{"embeddable":true,"href":"https:\/\/footure.pt\/en\/wp-json\/wp\/v2\/comments?post=502"}],"version-history":[{"count":48,"href":"https:\/\/footure.pt\/en\/wp-json\/wp\/v2\/pages\/502\/revisions"}],"predecessor-version":[{"id":4718,"href":"https:\/\/footure.pt\/en\/wp-json\/wp\/v2\/pages\/502\/revisions\/4718"}],"wp:attachment":[{"href":"https:\/\/footure.pt\/en\/wp-json\/wp\/v2\/media?parent=502"}],"curies":[{"name":"wp","href":"https:\/\/api.w.org\/{rel}","templated":true}]}}