{"id":4366,"date":"2021-01-26T15:40:23","date_gmt":"2021-01-26T15:40:23","guid":{"rendered":"https:\/\/footure.pt\/register\/"},"modified":"2021-02-11T15:25:14","modified_gmt":"2021-02-11T15:25:14","slug":"register","status":"publish","type":"page","link":"https:\/\/footure.pt\/en\/register\/","title":{"rendered":"Register"},"content":{"rendered":"<p>[vc_row][vc_column][vc_row_inner][vc_column_inner offset=&#8221;vc_hidden-sm vc_hidden-xs&#8221;][vc_column_text]<\/p>\n<h1 style=\"font-size: 36px; text-align: center; weight: 900;\">Re<span class=\"linha\" style=\"letter-spacing: 1px;\">giste-se para ter acesso a fichas t\u00e9cnic<\/span>as<\/h1>\n<p>[\/vc_column_text][\/vc_column_inner][\/vc_row_inner][vc_row_inner][vc_column_inner offset=&#8221;vc_hidden-lg vc_hidden-md&#8221; css=&#8221;.vc_custom_1612981916942{margin-top: -30px !important;}&#8221;][vc_column_text]<\/p>\n<h1 style=\"font-size: 33px; text-align: center; weight: 900;\"><span class=\"linha\" style=\"letter-spacing: 1px;\">Registe-se para ter acesso a fichas t\u00e9cnicas<\/span><\/h1>\n<p>[\/vc_column_text][\/vc_column_inner][\/vc_row_inner][vc_column_text]        <form enctype=\"multipart\/form-data\" method=\"post\" id=\"wppb-register-user\" class=\"wppb-user-forms wppb-register-user wppb-user-logged-out\" action=\"https:\/\/footure.pt\/en\/wp-json\/wp\/v2\/pages\/4366\" data-trp-original-action=\"https:\/\/footure.pt\/en\/wp-json\/wp\/v2\/pages\/4366\">\n\t\t\t<ul><li class=\"wppb-form-field wppb-default-name-heading\" id=\"wppb-form-element-1\"><h4>Nome<\/h4><span class=\"wppb-description-delimiter\"><\/span><\/li><li class=\"wppb-form-field wppb-default-username\" id=\"wppb-form-element-2\">\n\t\t\t<label for=\"username\">Nome de Utilizador<span class=\"wppb-required\" title=\"This field is required\">*<\/span><\/label>\n\t\t\t<input class=\"text-input default_field_username\" name=\"username\" maxlength=\"70\" type=\"text\" id=\"username\" value=\"\"   required \/><\/li><li class=\"wppb-form-field wppb-default-first-name\" id=\"wppb-form-element-3\">\n\t\t\t<label for=\"first_name\">Primeiro Nome<span class=\"wppb-required\" title=\"This field is required\">*<\/span><\/label>\n\t\t\t<input class=\"text-input default_field_firstname\" name=\"first_name\" maxlength=\"70\" type=\"text\" id=\"first_name\" value=\"\"  required \/><\/li><li class=\"wppb-form-field wppb-default-last-name\" id=\"wppb-form-element-4\">\n\t\t\t<label for=\"last_name\">\u00daltimo Nome<\/label>\n\t\t\t<input class=\"text-input default_field_lastname\" name=\"last_name\" maxlength=\"70\" type=\"text\" id=\"last_name\" value=\"\" \/><\/li><li class=\"wppb-form-field wppb-default-display-name-publicly-as\" id=\"wppb-form-element-6\"><\/li><li class=\"wppb-form-field wppb-default-contact-info-heading\" id=\"wppb-form-element-7\"><h4>Informa\u00e7\u00f5es de contacto<\/h4><span class=\"wppb-description-delimiter\"><\/span><\/li><li class=\"wppb-form-field wppb-default-e-mail\" id=\"wppb-form-element-8\">\n\t\t\t<label for=\"email\">E-mail<span class=\"wppb-required\" title=\"This field is required\">*<\/span><\/label>\n\t\t\t<input class=\"text-input default_field_email\" name=\"email\" maxlength=\"70\" type=\"email\" id=\"email\" value=\"\"  required \/><\/li><li class=\"wppb-form-field wppb-default-password\" id=\"wppb-form-element-12\">\n\t\t\t<label for=\"passw1\">Palavra Passe<span class=\"wppb-required\" title=\"This field is required\">*<\/span><\/label>\n\t\t\t<input class=\"text-input\" name=\"passw1\" maxlength=\"70\" type=\"password\" id=\"passw1\" value=\"\" autocomplete=\"off\"  required \/><span class=\"wppb-description-delimiter\"> <\/span><\/li><li class=\"wppb-form-field wppb-default-repeat-password\" id=\"wppb-form-element-13\">\n\t\t\t<label for=\"passw2\">Repita a Palavra Passe<span class=\"wppb-required\" title=\"This field is required\">*<\/span><\/label>\n\t\t\t<input class=\"text-input\" name=\"passw2\" maxlength=\"70\" type=\"password\" id=\"passw2\" value=\"\" autocomplete=\"off\"  required \/><\/li><\/ul><ul><li class=\"wppb-form-field wppb-send-credentials-checkbox\"><label for=\"send_credentials_via_email\"><input id=\"send_credentials_via_email\" type=\"checkbox\" name=\"send_credentials_via_email\" value=\"sending\"\/>Send these credentials via email.<\/label><\/li><\/ul>\t\t\t<p class=\"form-submit\"  >\n\t\t\t\t                \t\t\t\t<input name=\"register\" type=\"submit\" id=\"register\" class=\"submit button\" value=\"Register\" \/>\n                <input name=\"redirect_to\" type=\"hidden\" value=\"\" \/>\n                \t\t\t\t<input name=\"action\" type=\"hidden\" id=\"action\" value=\"register\" \/>\n\t\t\t\t<input name=\"form_name\" type=\"hidden\" id=\"form_name\" value=\"unspecified\" \/>\n\t\t\t\t<input name=\"form_id\" type=\"hidden\" id=\"form_id\" value=\"\" \/>\n\t\t\t\t\t\t\t<\/p><!-- .form-submit -->\n\t\t\t<input type=\"hidden\" id=\"register_unspecified_nonce_field\" name=\"register_unspecified_nonce_field\" value=\"0e410c0c50\" \/><input type=\"hidden\" name=\"_wp_http_referer\" value=\"\/en\/wp-json\/wp\/v2\/pages\/4366\" \/>\t\t<input type=\"hidden\" name=\"trp-form-language\" value=\"en\"\/><\/form>\n\t\t[\/vc_column_text][\/vc_column][\/vc_row]<\/p>","protected":false},"excerpt":{"rendered":"<p>[vc_row][vc_column][vc_row_inner][vc_column_inner offset=&#8221;vc_hidden-sm vc_hidden-xs&#8221;][vc_column_text] Registe-se para ter acesso a fichas t\u00e9cnicas [\/vc_column_text][\/vc_column_inner][\/vc_row_inner][vc_row_inner][vc_column_inner offset=&#8221;vc_hidden-lg vc_hidden-md&#8221; css=&#8221;.vc_custom_1612981916942{margin-top: -30px !important;}&#8221;][vc_column_text] Registe-se para ter acesso a fichas t\u00e9cnicas [\/vc_column_text][\/vc_column_inner][\/vc_row_inner][vc_column_text][\/vc_column_text][\/vc_column][\/vc_row]<\/p>","protected":false},"author":1,"featured_media":0,"parent":0,"menu_order":0,"comment_status":"closed","ping_status":"closed","template":"","meta":[],"yoast_head":"<!-- This site is optimized with the Yoast SEO plugin v15.7 - https:\/\/yoast.com\/wordpress\/plugins\/seo\/ -->\n<title>Register - Footure<\/title>\n<meta name=\"description\" content=\"A footure assume-se como uma empresa especializada para a produ\u00e7\u00e3o e transforma\u00e7\u00e3o de testeiras e contrafortes em Portugal.\" \/>\n<meta name=\"robots\" content=\"index, follow, max-snippet:-1, max-image-preview:large, max-video-preview:-1\" \/>\n<link rel=\"canonical\" href=\"https:\/\/footure.pt\/en\/register\/\" \/>\n<meta property=\"og:locale\" content=\"en_GB\" \/>\n<meta property=\"og:type\" content=\"article\" \/>\n<meta property=\"og:title\" content=\"Register - Footure\" \/>\n<meta property=\"og:description\" content=\"A footure assume-se como uma empresa especializada para a produ\u00e7\u00e3o e transforma\u00e7\u00e3o de testeiras e contrafortes em Portugal.\" \/>\n<meta property=\"og:url\" content=\"https:\/\/footure.pt\/en\/register\/\" \/>\n<meta property=\"og:site_name\" content=\"Footure\" \/>\n<meta property=\"article:publisher\" content=\"https:\/\/www.facebook.com\/footurept\/\" \/>\n<meta property=\"article:modified_time\" content=\"2021-02-11T15:25:14+00:00\" \/>\n<meta name=\"twitter:card\" content=\"summary_large_image\" \/>\n<meta name=\"twitter:label1\" content=\"Estimated reading time\">\n\t<meta name=\"twitter:data1\" content=\"1 minute\">\n<script type=\"application\/ld+json\" class=\"yoast-schema-graph\">{\"@context\":\"https:\/\/schema.org\",\"@graph\":[{\"@type\":\"Organization\",\"@id\":\"https:\/\/footure.pt\/#organization\",\"name\":\"Footure\",\"url\":\"https:\/\/footure.pt\/\",\"sameAs\":[\"https:\/\/www.facebook.com\/footurept\/\",\"https:\/\/www.instagram.com\/footurept\/\",\"https:\/\/www.linkedin.com\/company\/footurept\"],\"logo\":{\"@type\":\"ImageObject\",\"@id\":\"https:\/\/footure.pt\/#logo\",\"inLanguage\":\"en-GB\",\"url\":\"https:\/\/footure.pt\/wp-content\/uploads\/2020\/12\/Logofundo-branco_Prancheta-1.png\",\"width\":2658,\"height\":1034,\"caption\":\"Footure\"},\"image\":{\"@id\":\"https:\/\/footure.pt\/#logo\"}},{\"@type\":\"WebSite\",\"@id\":\"https:\/\/footure.pt\/#website\",\"url\":\"https:\/\/footure.pt\/\",\"name\":\"Footure\",\"description\":\"footure\",\"publisher\":{\"@id\":\"https:\/\/footure.pt\/#organization\"},\"potentialAction\":[{\"@type\":\"SearchAction\",\"target\":\"https:\/\/footure.pt\/?s={search_term_string}\",\"query-input\":\"required name=search_term_string\"}],\"inLanguage\":\"en-GB\"},{\"@type\":\"WebPage\",\"@id\":\"https:\/\/footure.pt\/register\/#webpage\",\"url\":\"https:\/\/footure.pt\/register\/\",\"name\":\"Register - Footure\",\"isPartOf\":{\"@id\":\"https:\/\/footure.pt\/#website\"},\"datePublished\":\"2021-01-26T15:40:23+00:00\",\"dateModified\":\"2021-02-11T15:25:14+00:00\",\"description\":\"A footure assume-se como uma empresa especializada para a produ\\u00e7\\u00e3o e transforma\\u00e7\\u00e3o de testeiras e contrafortes em Portugal.\",\"inLanguage\":\"en-GB\",\"potentialAction\":[{\"@type\":\"ReadAction\",\"target\":[\"https:\/\/footure.pt\/register\/\"]}]}]}<\/script>\n<!-- \/ Yoast SEO plugin. -->","_links":{"self":[{"href":"https:\/\/footure.pt\/en\/wp-json\/wp\/v2\/pages\/4366"}],"collection":[{"href":"https:\/\/footure.pt\/en\/wp-json\/wp\/v2\/pages"}],"about":[{"href":"https:\/\/footure.pt\/en\/wp-json\/wp\/v2\/types\/page"}],"author":[{"embeddable":true,"href":"https:\/\/footure.pt\/en\/wp-json\/wp\/v2\/users\/1"}],"replies":[{"embeddable":true,"href":"https:\/\/footure.pt\/en\/wp-json\/wp\/v2\/comments?post=4366"}],"version-history":[{"count":7,"href":"https:\/\/footure.pt\/en\/wp-json\/wp\/v2\/pages\/4366\/revisions"}],"predecessor-version":[{"id":4863,"href":"https:\/\/footure.pt\/en\/wp-json\/wp\/v2\/pages\/4366\/revisions\/4863"}],"wp:attachment":[{"href":"https:\/\/footure.pt\/en\/wp-json\/wp\/v2\/media?parent=4366"}],"curies":[{"name":"wp","href":"https:\/\/api.w.org\/{rel}","templated":true}]}}