{"id":4230,"date":"2021-01-21T17:43:36","date_gmt":"2021-01-21T17:43:36","guid":{"rendered":"https:\/\/footure.pt\/?page_id=4230"},"modified":"2021-01-27T15:50:35","modified_gmt":"2021-01-27T15:50:35","slug":"foot","status":"publish","type":"page","link":"https:\/\/footure.pt\/en\/foot\/","title":{"rendered":"FOOT"},"content":{"rendered":"<p><span class=\"wppb-frontend-restriction-message\"><\/p>\n<h3 style=\"text-align: center\"><span style=\"color: #000000\"><strong>Fa\u00e7a Login para visualizar este conte\u00fado.<br \/>\n<\/strong><\/span>You must be logged in to view this content.<\/h3>\n<p>&nbsp;<\/p>\n<h3 style=\"text-align: center\"><strong><a href=\"https:\/\/footure.pt\/en\/register\/\">Registar<\/a><\/strong><\/h3>\n<p style=\"text-align: center;font-size: 22px\"><span style=\"color: #999999\">OU<\/span><\/p>\n<h3 style=\"text-align: center\"><strong><a href=\"https:\/\/footure.pt\/en\/log-in\/\">Fazer Login<\/a><\/strong><\/h3>\n<p><\/span><\/p>","protected":false},"excerpt":{"rendered":"<p>Fa\u00e7a Login para visualizar este conte\u00fado. You must be logged in to view this content. &nbsp; Registar OU Fazer Login<\/p>","protected":false},"author":1,"featured_media":0,"parent":0,"menu_order":0,"comment_status":"closed","ping_status":"closed","template":"","meta":[],"yoast_head":"<!-- This site is optimized with the Yoast SEO plugin v15.7 - https:\/\/yoast.com\/wordpress\/plugins\/seo\/ -->\n<title>FOOT - Footure<\/title>\n<meta name=\"description\" content=\"A footure assume-se como uma empresa especializada para a produ\u00e7\u00e3o e transforma\u00e7\u00e3o de testeiras e contrafortes em Portugal.\" \/>\n<meta name=\"robots\" content=\"index, follow, max-snippet:-1, max-image-preview:large, max-video-preview:-1\" \/>\n<link rel=\"canonical\" href=\"https:\/\/footure.pt\/en\/foot\/\" \/>\n<meta property=\"og:locale\" content=\"en_GB\" \/>\n<meta property=\"og:type\" content=\"article\" \/>\n<meta property=\"og:title\" content=\"FOOT - Footure\" \/>\n<meta property=\"og:description\" content=\"A footure assume-se como uma empresa especializada para a produ\u00e7\u00e3o e transforma\u00e7\u00e3o de testeiras e contrafortes em Portugal.\" \/>\n<meta property=\"og:url\" content=\"https:\/\/footure.pt\/en\/foot\/\" \/>\n<meta property=\"og:site_name\" content=\"Footure\" \/>\n<meta property=\"article:publisher\" content=\"https:\/\/www.facebook.com\/footurept\/\" \/>\n<meta property=\"article:modified_time\" content=\"2021-01-27T15:50:35+00:00\" \/>\n<meta name=\"twitter:card\" content=\"summary_large_image\" \/>\n<meta name=\"twitter:label1\" content=\"Estimated reading time\">\n\t<meta name=\"twitter:data1\" content=\"1 minute\">\n<script type=\"application\/ld+json\" class=\"yoast-schema-graph\">{\"@context\":\"https:\/\/schema.org\",\"@graph\":[{\"@type\":\"Organization\",\"@id\":\"https:\/\/footure.pt\/#organization\",\"name\":\"Footure\",\"url\":\"https:\/\/footure.pt\/\",\"sameAs\":[\"https:\/\/www.facebook.com\/footurept\/\",\"https:\/\/www.instagram.com\/footurept\/\",\"https:\/\/www.linkedin.com\/company\/footurept\"],\"logo\":{\"@type\":\"ImageObject\",\"@id\":\"https:\/\/footure.pt\/#logo\",\"inLanguage\":\"en-GB\",\"url\":\"https:\/\/footure.pt\/wp-content\/uploads\/2020\/12\/Logofundo-branco_Prancheta-1.png\",\"width\":2658,\"height\":1034,\"caption\":\"Footure\"},\"image\":{\"@id\":\"https:\/\/footure.pt\/#logo\"}},{\"@type\":\"WebSite\",\"@id\":\"https:\/\/footure.pt\/#website\",\"url\":\"https:\/\/footure.pt\/\",\"name\":\"Footure\",\"description\":\"footure\",\"publisher\":{\"@id\":\"https:\/\/footure.pt\/#organization\"},\"potentialAction\":[{\"@type\":\"SearchAction\",\"target\":\"https:\/\/footure.pt\/?s={search_term_string}\",\"query-input\":\"required name=search_term_string\"}],\"inLanguage\":\"en-GB\"},{\"@type\":\"WebPage\",\"@id\":\"https:\/\/footure.pt\/foot\/#webpage\",\"url\":\"https:\/\/footure.pt\/foot\/\",\"name\":\"FOOT - Footure\",\"isPartOf\":{\"@id\":\"https:\/\/footure.pt\/#website\"},\"datePublished\":\"2021-01-21T17:43:36+00:00\",\"dateModified\":\"2021-01-27T15:50:35+00:00\",\"description\":\"A footure assume-se como uma empresa especializada para a produ\\u00e7\\u00e3o e transforma\\u00e7\\u00e3o de testeiras e contrafortes em Portugal.\",\"inLanguage\":\"en-GB\",\"potentialAction\":[{\"@type\":\"ReadAction\",\"target\":[\"https:\/\/footure.pt\/foot\/\"]}]}]}<\/script>\n<!-- \/ Yoast SEO plugin. -->","_links":{"self":[{"href":"https:\/\/footure.pt\/en\/wp-json\/wp\/v2\/pages\/4230"}],"collection":[{"href":"https:\/\/footure.pt\/en\/wp-json\/wp\/v2\/pages"}],"about":[{"href":"https:\/\/footure.pt\/en\/wp-json\/wp\/v2\/types\/page"}],"author":[{"embeddable":true,"href":"https:\/\/footure.pt\/en\/wp-json\/wp\/v2\/users\/1"}],"replies":[{"embeddable":true,"href":"https:\/\/footure.pt\/en\/wp-json\/wp\/v2\/comments?post=4230"}],"version-history":[{"count":9,"href":"https:\/\/footure.pt\/en\/wp-json\/wp\/v2\/pages\/4230\/revisions"}],"predecessor-version":[{"id":4446,"href":"https:\/\/footure.pt\/en\/wp-json\/wp\/v2\/pages\/4230\/revisions\/4446"}],"wp:attachment":[{"href":"https:\/\/footure.pt\/en\/wp-json\/wp\/v2\/media?parent=4230"}],"curies":[{"name":"wp","href":"https:\/\/api.w.org\/{rel}","templated":true}]}}