{"id":1071,"date":"2017-12-14T10:47:51","date_gmt":"2017-12-14T10:47:51","guid":{"rendered":"http:\/\/mane.elated-themes.com\/?page_id=1071"},"modified":"2021-02-10T12:11:18","modified_gmt":"2021-02-10T12:11:18","slug":"servicos","status":"publish","type":"page","link":"https:\/\/footure.pt\/en\/servicos\/","title":{"rendered":"services"},"content":{"rendered":"<p>[vc_row][vc_column][vc_row_inner content_text_aligment=&#8221;center&#8221;][vc_column_inner width=&#8221;1\/4&#8243;][\/vc_column_inner][vc_column_inner width=&#8221;1\/2&#8243; offset=&#8221;vc_hidden-sm vc_hidden-xs&#8221; css=&#8221;.vc_custom_1612958745290{margin-bottom: 35px !important;}&#8221;][vc_raw_html]JTNDaDElMjBzdHlsZSUzRCUyMmZvbnQtc2l6ZSUzQSUyMDM2cHglM0IlMjIlM0UlM0NzcGFuJTIwY2xhc3MlM0QlMjJsaW5oYSUyMiUyMHN0eWxlJTNEJTIybGV0dGVyLXNwYWNpbmclM0ElMjAxcHglM0IlMjIlM0VTRVJWSSVDMyU4N09TJTNDJTJGc3BhbiUzRSUzQyUyRmgxJTNF[\/vc_raw_html][\/vc_column_inner][vc_column_inner width=&#8221;1\/4&#8243;][\/vc_column_inner][\/vc_row_inner][vc_row_inner content_text_aligment=&#8221;center&#8221;][vc_column_inner offset=&#8221;vc_hidden-lg vc_hidden-md&#8221; css=&#8221;.vc_custom_1612268183528{margin-top: -20px !important;}&#8221;][vc_raw_html]JTNDaDElMjBzdHlsZSUzRCUyMmZvbnQtc2l6ZSUzQSUyMDQwcHglM0IlMjIlM0UlM0NzcGFuJTIwY2xhc3MlM0QlMjJsaW5oYSUyMiUyMHN0eWxlJTNEJTIybGV0dGVyLXNwYWNpbmclM0ElMjAxcHglM0IlMjIlM0VTRVJWSSVDMyU4N09TJTNDJTJGc3BhbiUzRSUzQyUyRmgxJTNF[\/vc_raw_html][\/vc_column_inner][\/vc_row_inner][\/vc_column][\/vc_row][vc_row][vc_column][vc_row_inner content_placement=&#8221;middle&#8221; css=&#8221;.vc_custom_1612958367883{margin-bottom: 20px !important;padding-right: 300px !important;padding-left: 300px !important;}&#8221;][vc_column_inner width=&#8221;1\/2&#8243; offset=&#8221;vc_hidden-sm vc_hidden-xs&#8221;][vc_raw_html]JTNDaDElMjBzdHlsZSUzRCUyMmZvbnQtc2l6ZSUzQSUyMDIwcHglM0IlMjIlM0UlM0NzcGFuJTIwY2xhc3MlM0QlMjJsaW5oYSUyMiUyMHN0eWxlJTNEJTIybGV0dGVyLXNwYWNpbmclM0ElMjAxcHglM0IlMjIlM0VGQUNFQURPUyUyMEVTUEVDSUFJUyUzQyUyRnNwYW4lM0UlM0MlMkZoMSUzRQ==[\/vc_raw_html][vc_column_text]<\/p>\n<p style=\"color: #000000; font-size: 20px; line-height: 30px;\">The development of our special skiving in all our products, beveled covert, that guarantees an\nexcellent finishing.<\/p>\n<p>[\/vc_column_text][\/vc_column_inner][vc_column_inner width=&#8221;1\/2&#8243; offset=&#8221;vc_hidden-sm vc_hidden-xs&#8221;][vc_single_image image=&#8221;4274&#8243; img_size=&#8221;350&#215;150&#8243; alignment=&#8221;center&#8221;][\/vc_column_inner][\/vc_row_inner][vc_row_inner content_placement=&#8221;middle&#8221; css=&#8221;.vc_custom_1612958372541{margin-bottom: 20px !important;padding-right: 300px !important;padding-left: 300px !important;}&#8221;][vc_column_inner width=&#8221;1\/2&#8243; offset=&#8221;vc_hidden-sm vc_hidden-xs&#8221;][vc_raw_html]JTNDaDElMjBzdHlsZSUzRCUyMmZvbnQtc2l6ZSUzQSUyMDIwcHglM0IlMjIlM0UlM0NzcGFuJTIwY2xhc3MlM0QlMjJsaW5oYSUyMiUyMHN0eWxlJTNEJTIybGV0dGVyLXNwYWNpbmclM0ElMjAxcHglM0IlMjIlM0VNT0RFTEElQzMlODclQzMlODNPJTNDJTJGc3BhbiUzRSUzQyUyRmgxJTNF[\/vc_raw_html][vc_column_text]<\/p>\n<p style=\"color: #000000; font-size: 20px; line-height: 30px;\">Footure worries to perform differently, so it provides a modeling team eager to develop and\ncreate suitable models for your products. For that its very easy to reach us, only by sending the mold in a .dxf file.<\/p>\n<p>[\/vc_column_text][\/vc_column_inner][vc_column_inner width=&#8221;1\/2&#8243; offset=&#8221;vc_hidden-sm vc_hidden-xs&#8221;][vc_single_image image=&#8221;4471&#8243; img_size=&#8221;350&#215;150&#8243; alignment=&#8221;center&#8221;][\/vc_column_inner][\/vc_row_inner][vc_row_inner content_placement=&#8221;middle&#8221; css=&#8221;.vc_custom_1612958307772{margin-bottom: 50px !important;padding-right: 300px !important;padding-left: 300px !important;}&#8221;][vc_column_inner width=&#8221;1\/2&#8243; offset=&#8221;vc_hidden-sm vc_hidden-xs&#8221;][vc_raw_html]JTNDaDElMjBzdHlsZSUzRCUyMmZvbnQtc2l6ZSUzQSUyMDIwcHglM0IlMjIlM0UlM0NzcGFuJTIwY2xhc3MlM0QlMjJsaW5oYSUyMiUyMHN0eWxlJTNEJTIybGV0dGVyLXNwYWNpbmclM0ElMjAxcHglM0IlMjIlM0VNJUMzJTgxUVVJTkFTJTIwQVVUT00lQzMlODFUSUNBUyUzQyUyRnNwYW4lM0UlM0MlMkZoMSUzRQ==[\/vc_raw_html][vc_column_text]<\/p>\n<p style=\"color: #000000; font-size: 20px; line-height: 30px;\">Following the same paths as technology, Footure disposes of automatic cutting machines,\nwhich performs a faster and better delivery effectiveness.<\/p>\n<p>[\/vc_column_text][\/vc_column_inner][vc_column_inner width=&#8221;1\/2&#8243; offset=&#8221;vc_hidden-sm vc_hidden-xs&#8221;][vc_single_image image=&#8221;3962&#8243; img_size=&#8221;350&#215;150&#8243; alignment=&#8221;center&#8221;][\/vc_column_inner][\/vc_row_inner][vc_row_inner content_placement=&#8221;middle&#8221; css=&#8221;.vc_custom_1612958312901{margin-bottom: 50px !important;padding-right: 300px !important;padding-left: 300px !important;}&#8221;][vc_column_inner width=&#8221;1\/2&#8243; offset=&#8221;vc_hidden-sm vc_hidden-xs&#8221;][vc_raw_html]JTNDaDElMjBzdHlsZSUzRCUyMmZvbnQtc2l6ZSUzQSUyMDIwcHglM0IlMjIlM0UlM0NzcGFuJTIwY2xhc3MlM0QlMjJsaW5oYSUyMiUyMHN0eWxlJTNEJTIybGV0dGVyLXNwYWNpbmclM0ElMjAxcHglM0IlMjIlM0VNJUMzJTgxUVVJTkFTJTIwREUlMjBNT0xEQVIlM0MlMkZzcGFuJTNFJTNDJTJGaDElM0U=[\/vc_raw_html][vc_column_text]<\/p>\n<p style=\"color: #000000; font-size: 20px; line-height: 30px;\">Through our molded products you are able to get the draw of the shape of your counters<\/p>\n<p>[\/vc_column_text][\/vc_column_inner][vc_column_inner width=&#8221;1\/2&#8243; offset=&#8221;vc_hidden-sm vc_hidden-xs&#8221;][vc_single_image image=&#8221;4263&#8243; img_size=&#8221;350&#215;150&#8243; alignment=&#8221;center&#8221;][\/vc_column_inner][\/vc_row_inner][vc_row_inner content_placement=&#8221;middle&#8221; css=&#8221;.vc_custom_1612958317796{margin-bottom: 50px !important;padding-right: 300px !important;padding-left: 300px !important;}&#8221;][vc_column_inner width=&#8221;1\/2&#8243; offset=&#8221;vc_hidden-sm vc_hidden-xs&#8221;][vc_raw_html]JTNDaDElMjBzdHlsZSUzRCUyMmZvbnQtc2l6ZSUzQSUyMDIwcHglM0IlMjIlM0UlM0NzcGFuJTIwY2xhc3MlM0QlMjJsaW5oYSUyMiUyMHN0eWxlJTNEJTIybGV0dGVyLXNwYWNpbmclM0ElMjAxcHglM0IlMjIlM0VQUk9EVSVDMyU4NyVDMyU4M08lMjBERSUyMEVOVFJFVEVMQVMlMkZURUxBUyUyMERFJTIwVkVSR0FSJTNDJTJGc3BhbiUzRSUzQyUyRmgxJTNF[\/vc_raw_html][vc_column_text]<\/p>\n<p style=\"color: #000000; font-size: 20px; line-height: 30px;\">Footure stands out for offering a differentiated product in the market. By producing organic\nand biodegradable\u2019s interlinings and reinforcements.<\/p>\n<p>[\/vc_column_text][\/vc_column_inner][vc_column_inner width=&#8221;1\/2&#8243; offset=&#8221;vc_hidden-sm vc_hidden-xs&#8221;][vc_single_image image=&#8221;4473&#8243; img_size=&#8221;350&#215;150&#8243; alignment=&#8221;center&#8221;][\/vc_column_inner][\/vc_row_inner][vc_row_inner content_text_aligment=&#8221;center&#8221;][vc_column_inner offset=&#8221;vc_hidden-lg vc_hidden-md&#8221; css=&#8221;.vc_custom_1612958679893{margin-top: -160px !important;}&#8221;][vc_raw_html css=&#8221;.vc_custom_1612266980753{padding-right: 25px !important;padding-left: 25px !important;}&#8221;]JTNDaDElMjBzdHlsZSUzRCUyMmZvbnQtc2l6ZSUzQSUyMDIzcHglM0IlMjB0ZXh0LWFsaWduJTNBJTIwbGVmdCUzQiUyMiUzRSUzQ3NwYW4lMjBjbGFzcyUzRCUyMmxpbmhhX3NvYnJlJTIyJTIwc3R5bGUlM0QlMjJsZXR0ZXItc3BhY2luZyUzQSUyMDFweCUzQiUyMGxpbmUtaGVpZ2h0JTNBJTIwMjNweCUzQiUyMiUzRUZBQ0VBRE9TJTIwRVNQRUNJQUlTJTNDJTJGc3BhbiUzRSUzQyUyRmgxJTNF[\/vc_raw_html][vc_column_text css=&#8221;.vc_custom_1612268336861{margin-top: -22px !important;margin-bottom: 20px !important;padding-right: 25px !important;padding-left: 25px !important;}&#8221;]<\/p>\n<p style=\"text-align: left; font-size: 18px;\"><span style=\"color: #000000;\">The development of our special skiving in all our products, beveled covert, that guarantees an\nexcellent finishing.<\/span><\/p>\n<p>[\/vc_column_text][vc_single_image image=&#8221;4768&#8243; img_size=&#8221;large&#8221; alignment=&#8221;center&#8221; onclick=&#8221;link_image&#8221;][vc_empty_space height=&#8221;60&#8243;][vc_raw_html css=&#8221;.vc_custom_1612266121846{padding-right: 25px !important;padding-left: 25px !important;}&#8221;]JTNDaDElMjBzdHlsZSUzRCUyMmZvbnQtc2l6ZSUzQSUyMDIzcHglM0IlMjB0ZXh0LWFsaWduJTNBJTIwbGVmdCUzQiUyMiUzRSUzQ3NwYW4lMjBjbGFzcyUzRCUyMmxpbmhhX3NvYnJlJTIyJTIwc3R5bGUlM0QlMjJsZXR0ZXItc3BhY2luZyUzQSUyMDFweCUzQiUyMiUzRU1PREVMQSVDMyU4NyVDMyU4M08lM0MlMkZzcGFuJTNFJTNDJTJGaDElM0U=[\/vc_raw_html][vc_column_text css=&#8221;.vc_custom_1612266503769{margin-top: -22px !important;margin-bottom: 20px !important;padding-right: 25px !important;padding-left: 25px !important;}&#8221;]<\/p>\n<p style=\"text-align: left; font-size: 18px; color: #000000;\">Footure worries to perform differently, so it provides a modeling team eager to develop and\ncreate suitable models for your products. For that its very easy to reach us, only by sending the mold in a .dxf file.<\/p>\n<p>[\/vc_column_text][vc_single_image image=&#8221;4761&#8243; img_size=&#8221;large&#8221; alignment=&#8221;center&#8221; onclick=&#8221;link_image&#8221;][vc_empty_space height=&#8221;50&#8243;][vc_raw_html css=&#8221;.vc_custom_1612266134615{padding-right: 25px !important;padding-left: 25px !important;}&#8221;]JTNDaDElMjBzdHlsZSUzRCUyMmZvbnQtc2l6ZSUzQSUyMDIzcHglM0IlMjB0ZXh0LWFsaWduJTNBJTIwbGVmdCUzQiUyMiUzRSUzQ3NwYW4lMjBjbGFzcyUzRCUyMmxpbmhhX3NvYnJlJTIyJTIwc3R5bGUlM0QlMjJsZXR0ZXItc3BhY2luZyUzQSUyMDFweCUzQiUyMiUzRU0lQzMlODFRVUlOQVMlMjBBVVRPTSVDMyU4MVRJQ0FTJTNDJTJGc3BhbiUzRSUzQyUyRmgxJTNF[\/vc_raw_html][vc_column_text css=&#8221;.vc_custom_1612266519486{margin-top: -22px !important;margin-bottom: 20px !important;padding-right: 25px !important;padding-left: 25px !important;}&#8221;]<\/p>\n<p style=\"text-align: left; font-size: 18px;\"><span style=\"color: #000000;\">Following the same paths as technology, Footure disposes of automatic cutting machines,\nwhich performs a faster and better delivery effectiveness.<\/span><\/p>\n<p>[\/vc_column_text][vc_single_image image=&#8221;4760&#8243; img_size=&#8221;large&#8221; alignment=&#8221;center&#8221; onclick=&#8221;link_image&#8221;][vc_empty_space height=&#8221;50&#8243;][vc_raw_html css=&#8221;.vc_custom_1612266144302{padding-right: 25px !important;padding-left: 25px !important;}&#8221;]JTNDaDElMjBzdHlsZSUzRCUyMmZvbnQtc2l6ZSUzQSUyMDIzcHglM0IlMjB0ZXh0LWFsaWduJTNBJTIwbGVmdCUzQiUyMiUzRSUzQ3NwYW4lMjBjbGFzcyUzRCUyMmxpbmhhX3NvYnJlJTIyJTIwc3R5bGUlM0QlMjJsZXR0ZXItc3BhY2luZyUzQSUyMDFweCUzQiUyMiUzRU0lQzMlODFRVUlOQVMlMjBERSUyME1PTERBUiUzQyUyRnNwYW4lM0UlM0MlMkZoMSUzRQ==[\/vc_raw_html][vc_column_text css=&#8221;.vc_custom_1612266525495{margin-top: -22px !important;margin-bottom: 20px !important;padding-right: 25px !important;padding-left: 25px !important;}&#8221;]<\/p>\n<p style=\"text-align: left; font-size: 18px;\"><span style=\"color: #000000;\">Through our molded products you are able to get the draw of the shape of your counters<\/span><\/p>\n<p>[\/vc_column_text][vc_single_image image=&#8221;4766&#8243; img_size=&#8221;large&#8221; alignment=&#8221;center&#8221; onclick=&#8221;img_link_large&#8221;][vc_empty_space height=&#8221;60&#8243;][vc_raw_html css=&#8221;.vc_custom_1612267055726{padding-right: 25px !important;padding-left: 25px !important;}&#8221;]JTNDaDElMjBzdHlsZSUzRCUyMmZvbnQtc2l6ZSUzQSUyMDIzcHglM0IlMjB0ZXh0LWFsaWduJTNBJTIwbGVmdCUzQiUyMiUzRSUzQ3NwYW4lMjBjbGFzcyUzRCUyMmxpbmhhX3NvYnJlJTIyJTIwc3R5bGUlM0QlMjJsZXR0ZXItc3BhY2luZyUzQSUyMDFweCUzQiUyMCUyMGxpbmUtaGVpZ2h0JTNBJTIwMHB4JTNCJTIyJTNFUFJPRFUlQzMlODclQzMlODNPJTIwREUlMjBFTlRSRVRFTEFTJTJGVEVMQVMlMjBERSUyMFZFUkdBUiUzQyUyRnNwYW4lM0UlM0MlMkZoMSUzRQ==[\/vc_raw_html][vc_column_text css=&#8221;.vc_custom_1612266532311{margin-top: -22px !important;margin-bottom: 20px !important;padding-right: 25px !important;padding-left: 25px !important;}&#8221;]<\/p>\n<p style=\"text-align: left; font-size: 18px;\"><span style=\"color: #000000;\">Footure stands out for offering a differentiated product in the market. By producing organic\nand biodegradable\u2019s interlinings and reinforcements.<\/span><\/p>\n<p>[\/vc_column_text][vc_single_image image=&#8221;4765&#8243; img_size=&#8221;large&#8221; alignment=&#8221;center&#8221; onclick=&#8221;link_image&#8221;][\/vc_column_inner][\/vc_row_inner][\/vc_column][\/vc_row][vc_row][vc_column][vc_row_inner content_text_aligment=&#8221;center&#8221;][vc_column_inner width=&#8221;1\/6&#8243; offset=&#8221;vc_hidden-sm vc_hidden-xs&#8221;][\/vc_column_inner][vc_column_inner width=&#8221;2\/3&#8243; offset=&#8221;vc_hidden-sm vc_hidden-xs&#8221;][vc_empty_space height=&#8221;60&#8243;][vc_raw_html]JTNDaDElMjBzdHlsZSUzRCUyMmZvbnQtc2l6ZSUzQSUyMDMwcHglM0IlMjIlM0UlM0NzcGFuJTIwY2xhc3MlM0QlMjJsaW5oYSUyMiUyMHN0eWxlJTNEJTIybGV0dGVyLXNwYWNpbmclM0ElMjAxcHglM0IlMjIlM0VSRVNQT05TQUJJTElEQURFJTIwU09DSUFMJTNDJTJGc3BhbiUzRSUzQyUyRmgxJTNF[\/vc_raw_html][vc_empty_space height=&#8221;15&#8243;][vc_column_text]<\/p>\n<p style=\"color: #000000; font-size: 20px; line-height: 30px; text-align: center;\">Footure trust on his sustainable comercial, economic and environmental evolution. This is its\ndaily commitment shared with its workers and its business partners and clients.<\/p>\n<p style=\"color: #000000; font-size: 20px; line-height: 30px; text-align: center;\">Focused on a positive work environment, it promotes the team building spirit, so that by\ndeveloping great professional workers will also develop the society itself.<\/p>\n<p style=\"color: #000000; font-size: 20px; line-height: 30px; text-align: center;\">Our will to help and to make the difference go beyond and still remain although the hard times\nof the year 2020. We have united our efforts to help local institutions, by producing plastic\nvisors for health profissionals.<\/p>\n<p>[\/vc_column_text][vc_empty_space height=&#8221;50&#8243;][\/vc_column_inner][vc_column_inner width=&#8221;1\/6&#8243; offset=&#8221;vc_hidden-sm vc_hidden-xs&#8221;][\/vc_column_inner][\/vc_row_inner][vc_row_inner content_text_aligment=&#8221;center&#8221; css=&#8221;.vc_custom_1612267592260{padding-right: 25px !important;padding-left: 25px !important;background-color: #ffffff !important;}&#8221;][vc_column_inner offset=&#8221;vc_hidden-lg vc_hidden-md&#8221;][vc_raw_html]JTNDaDElMjBzdHlsZSUzRCUyMmZvbnQtc2l6ZSUzQSUyMDI0cHglM0IlMjIlM0UlM0NzcGFuJTIwY2xhc3MlM0QlMjJsaW5oYSUyMiUyMHN0eWxlJTNEJTIybGV0dGVyLXNwYWNpbmclM0ElMjAxcHglM0IlMjIlM0VSRVNQT05TQUJJTElEQURFJTIwU09DSUFMJTNDJTJGc3BhbiUzRSUzQyUyRmgxJTNF[\/vc_raw_html][vc_column_text]<\/p>\n<p style=\"text-align: left; font-size: 18px;\"><span style=\"color: #000000;\">Footure trust on his sustainable comercial, economic and environmental evolution. This is its\ndaily commitment shared with its workers and its business partners and clients.<\/span><br \/>\n<span style=\"color: #000000;\">Focused on a positive work environment, it promotes the team building spirit, so that by\ndeveloping great professional workers will also develop the society itself.<\/span><br \/>\n<span style=\"color: #000000;\">Our will to help and to make the difference go beyond and still remain although the hard times\nof the year 2020. We have united our efforts to help local institutions, by producing plastic\nvisors for health profissionals.<\/span><\/p>\n<p>[\/vc_column_text][vc_empty_space height=&#8221;50&#8243;][\/vc_column_inner][\/vc_row_inner][\/vc_column][\/vc_row][vc_row][vc_column][vc_row_inner content_text_aligment=&#8221;center&#8221;][vc_column_inner width=&#8221;1\/6&#8243;][\/vc_column_inner][vc_column_inner width=&#8221;2\/3&#8243; offset=&#8221;vc_hidden-sm vc_hidden-xs&#8221;][vc_raw_html]JTNDaDElMjBzdHlsZSUzRCUyMmZvbnQtc2l6ZSUzQSUyMDI1cHglM0IlMjIlM0UlM0NzcGFuJTIwY2xhc3MlM0QlMjJsaW5oYSUyMiUyMHN0eWxlJTNEJTIybGV0dGVyLXNwYWNpbmclM0ElMjAxcHglM0IlMjIlM0VOT1QlQzMlOERDSUFTJTNDJTJGc3BhbiUzRSUzQyUyRmgxJTNF[\/vc_raw_html][vc_empty_space height=&#8221;15&#8243;]<a itemprop=\"url\" href=\"https:\/\/tvi24.iol.pt\/aominuto\/5e56645d0cf2071930699ff6\/grupo-de-empresas-de-sao-joao-da-madeira-cria-viseiras-cirurgicas-para-doar\/5e7b3fa20cf2c472ec733c6e?fbclid=IwAR3Fktu5WiG1v2Liucf_66qSsdZQVMwN2Q2S-SfbIebmosORwTbLnfHxOfo\" target=\"_blank\"  class=\"eltdf-btn eltdf-btn-medium eltdf-btn-outline eltdf-btn- eltdf-btn-custom-hover-bg\" data-hover-bg-color=\"#494949\" >\n    <span class=\"eltdf-btn-text\">GROUP OF COMPANIES IN S\u00c3O JO\u00c3O DA MADEIRA CREATES SURGICAL VISEIRES TO DONATE<\/span>\n        <\/a>[vc_empty_space height=&#8221;15&#8243;]<a itemprop=\"url\" href=\"https:\/\/terrassantamaria.pt\/covid-19-dois-empresarios-sanjoanenses-criam-viseiras-cirurgicas-para-oferta\/?fbclid=IwAR3wbJt9wotUJdEScfxfCcCY6-bbyXQvZ89e-bXlnSZoGIhpsCgEIMpuhvo\" target=\"_blank\"  class=\"eltdf-btn eltdf-btn-medium eltdf-btn-outline eltdf-btn- eltdf-btn-custom-hover-bg\" data-hover-bg-color=\"#494949\" >\n    <span class=\"eltdf-btn-text\">Two businessmen from S. Jo\u00e3o da Madeira set foot on the road<\/span>\n        <\/a>[vc_empty_space height=&#8221;15&#8243;]<a itemprop=\"url\" href=\"https:\/\/eco.sapo.pt\/2020\/03\/28\/milhoes-de-euros-contra-o-virus-estas-empresas-sao-solidarias\/\" target=\"_blank\"  class=\"eltdf-btn eltdf-btn-medium eltdf-btn-outline eltdf-btn- eltdf-btn-custom-hover-bg\" data-hover-bg-color=\"#494949\" >\n    <span class=\"eltdf-btn-text\">Millions of euros against the virus. These companies are being supportive<\/span>\n        <\/a>[vc_empty_space height=&#8221;15&#8243;]<a itemprop=\"url\" href=\"https:\/\/labor.pt\/home\/2020\/04\/02\/viseiras-cirurgicas-produzidas-em-s-joao-da-madeira-chegam-a-hospitais-holandeses\/\" target=\"_blank\"  class=\"eltdf-btn eltdf-btn-medium eltdf-btn-outline eltdf-btn- eltdf-btn-custom-hover-bg\" data-hover-bg-color=\"#494949\" >\n    <span class=\"eltdf-btn-text\">Surgical visors produced in S. Jo\u00e3o da Madeira reach hospitals<\/span>\n        <\/a>[vc_empty_space height=&#8221;50&#8243;][\/vc_column_inner][vc_column_inner width=&#8221;1\/6&#8243;][\/vc_column_inner][\/vc_row_inner][vc_row_inner content_text_aligment=&#8221;center&#8221;][vc_column_inner offset=&#8221;vc_hidden-lg vc_hidden-md&#8221;][vc_raw_html]JTNDaDElMjBzdHlsZSUzRCUyMmZvbnQtc2l6ZSUzQSUyMDM2cHglM0IlMjIlM0UlM0NzcGFuJTIwY2xhc3MlM0QlMjJsaW5oYSUyMiUyMHN0eWxlJTNEJTIybGV0dGVyLXNwYWNpbmclM0ElMjAxcHglM0IlMjIlM0VOT1QlQzMlOERDSUFTJTNDJTJGc3BhbiUzRSUzQyUyRmgxJTNF[\/vc_raw_html][vc_empty_space height=&#8221;15&#8243;]<a itemprop=\"url\" href=\"https:\/\/tvi24.iol.pt\/aominuto\/5e56645d0cf2071930699ff6\/grupo-de-empresas-de-sao-joao-da-madeira-cria-viseiras-cirurgicas-para-doar\/5e7b3fa20cf2c472ec733c6e?fbclid=IwAR3Fktu5WiG1v2Liucf_66qSsdZQVMwN2Q2S-SfbIebmosORwTbLnfHxOfo\" target=\"_blank\" style=\"margin: 0px 30px 0px 0px\" class=\"eltdf-btn eltdf-btn-medium eltdf-btn-outline eltdf-btn- eltdf-btn-custom-hover-bg\" data-hover-bg-color=\"#494949\" >\n    <span class=\"eltdf-btn-text\">GROUP OF COMPANIES IN S\u00c3O JO\u00c3O DA MADEIRA CREATES SURGICAL VISEIRES TO DONATE<\/span>\n        <\/a>[vc_empty_space height=&#8221;15&#8243;]<a itemprop=\"url\" href=\"https:\/\/terrassantamaria.pt\/covid-19-dois-empresarios-sanjoanenses-criam-viseiras-cirurgicas-para-oferta\/?fbclid=IwAR3wbJt9wotUJdEScfxfCcCY6-bbyXQvZ89e-bXlnSZoGIhpsCgEIMpuhvo\" target=\"_blank\" style=\"margin: 0px 0px 0px 30px\" class=\"eltdf-btn eltdf-btn-medium eltdf-btn-outline eltdf-btn- eltdf-btn-custom-hover-bg\" data-hover-bg-color=\"#494949\" >\n    <span class=\"eltdf-btn-text\">Two businessmen from S. Jo\u00e3o da Madeira set foot on the road<\/span>\n        <\/a>[vc_empty_space height=&#8221;15&#8243;]<a itemprop=\"url\" href=\"https:\/\/eco.sapo.pt\/2020\/03\/28\/milhoes-de-euros-contra-o-virus-estas-empresas-sao-solidarias\/\" target=\"_blank\" style=\"margin: 0px 30px 0px 0px\" class=\"eltdf-btn eltdf-btn-medium eltdf-btn-outline eltdf-btn- eltdf-btn-custom-hover-bg\" data-hover-bg-color=\"#494949\" >\n    <span class=\"eltdf-btn-text\">Millions of euros against the virus. These companies are being supportive<\/span>\n        <\/a>[vc_empty_space height=&#8221;15&#8243;]<a itemprop=\"url\" href=\"https:\/\/labor.pt\/home\/2020\/04\/02\/viseiras-cirurgicas-produzidas-em-s-joao-da-madeira-chegam-a-hospitais-holandeses\/\" target=\"_blank\" style=\"margin: 0px 0px 0px 30px\" class=\"eltdf-btn eltdf-btn-medium eltdf-btn-outline eltdf-btn- eltdf-btn-custom-hover-bg\" data-hover-bg-color=\"#494949\" >\n    <span class=\"eltdf-btn-text\">Surgical visors produced in S. Jo\u00e3o da Madeira reach hospitals<\/span>\n        <\/a>[vc_empty_space height=&#8221;50&#8243;][\/vc_column_inner][\/vc_row_inner][\/vc_column][\/vc_row]<\/p>","protected":false},"excerpt":{"rendered":"<p>[vc_row][vc_column][vc_row_inner content_text_aligment=&#8221;center&#8221;][vc_column_inner width=&#8221;1\/4&#8243;][\/vc_column_inner][vc_column_inner width=&#8221;1\/2&#8243; offset=&#8221;vc_hidden-sm vc_hidden-xs&#8221; css=&#8221;.vc_custom_1612958745290{margin-bottom: 35px !important;}&#8221;][vc_raw_html]JTNDaDElMjBzdHlsZSUzRCUyMmZvbnQtc2l6ZSUzQSUyMDM2cHglM0IlMjIlM0UlM0NzcGFuJTIwY2xhc3MlM0QlMjJsaW5oYSUyMiUyMHN0eWxlJTNEJTIybGV0dGVyLXNwYWNpbmclM0ElMjAxcHglM0IlMjIlM0VTRVJWSSVDMyU4N09TJTNDJTJGc3BhbiUzRSUzQyUyRmgxJTNF[\/vc_raw_html][\/vc_column_inner][vc_column_inner width=&#8221;1\/4&#8243;][\/vc_column_inner][\/vc_row_inner][vc_row_inner content_text_aligment=&#8221;center&#8221;][vc_column_inner offset=&#8221;vc_hidden-lg vc_hidden-md&#8221; css=&#8221;.vc_custom_1612268183528{margin-top: -20px !important;}&#8221;][vc_raw_html]JTNDaDElMjBzdHlsZSUzRCUyMmZvbnQtc2l6ZSUzQSUyMDQwcHglM0IlMjIlM0UlM0NzcGFuJTIwY2xhc3MlM0QlMjJsaW5oYSUyMiUyMHN0eWxlJTNEJTIybGV0dGVyLXNwYWNpbmclM0ElMjAxcHglM0IlMjIlM0VTRVJWSSVDMyU4N09TJTNDJTJGc3BhbiUzRSUzQyUyRmgxJTNF[\/vc_raw_html][\/vc_column_inner][\/vc_row_inner][\/vc_column][\/vc_row][vc_row][vc_column][vc_row_inner content_placement=&#8221;middle&#8221; css=&#8221;.vc_custom_1612958367883{margin-bottom: 20px !important;padding-right: 300px !important;padding-left: 300px !important;}&#8221;][vc_column_inner width=&#8221;1\/2&#8243; offset=&#8221;vc_hidden-sm vc_hidden-xs&#8221;][vc_raw_html]JTNDaDElMjBzdHlsZSUzRCUyMmZvbnQtc2l6ZSUzQSUyMDIwcHglM0IlMjIlM0UlM0NzcGFuJTIwY2xhc3MlM0QlMjJsaW5oYSUyMiUyMHN0eWxlJTNEJTIybGV0dGVyLXNwYWNpbmclM0ElMjAxcHglM0IlMjIlM0VGQUNFQURPUyUyMEVTUEVDSUFJUyUzQyUyRnNwYW4lM0UlM0MlMkZoMSUzRQ==[\/vc_raw_html][vc_column_text] O desenvolvimento de faceados especiais em todos os nossos produtos, disfar\u00e7ados atrav\u00e9s de [&hellip;]<\/p>","protected":false},"author":1,"featured_media":0,"parent":0,"menu_order":0,"comment_status":"closed","ping_status":"closed","template":"full-width.php","meta":[],"yoast_head":"<!-- This site is optimized with the Yoast SEO plugin v15.7 - https:\/\/yoast.com\/wordpress\/plugins\/seo\/ -->\n<title>Servi\u00e7os - Footure<\/title>\n<meta name=\"description\" content=\"A footure assume-se como uma empresa especializada para a produ\u00e7\u00e3o e transforma\u00e7\u00e3o de testeiras e contrafortes em Portugal.\" \/>\n<meta name=\"robots\" content=\"index, follow, max-snippet:-1, max-image-preview:large, max-video-preview:-1\" \/>\n<link rel=\"canonical\" href=\"https:\/\/footure.pt\/en\/servicos\/\" \/>\n<meta property=\"og:locale\" content=\"en_GB\" \/>\n<meta property=\"og:type\" content=\"article\" \/>\n<meta property=\"og:title\" content=\"Servi\u00e7os - Footure\" \/>\n<meta property=\"og:description\" content=\"A footure assume-se como uma empresa especializada para a produ\u00e7\u00e3o e transforma\u00e7\u00e3o de testeiras e contrafortes em Portugal.\" \/>\n<meta property=\"og:url\" content=\"https:\/\/footure.pt\/en\/servicos\/\" \/>\n<meta property=\"og:site_name\" content=\"Footure\" \/>\n<meta property=\"article:publisher\" content=\"https:\/\/www.facebook.com\/footurept\/\" \/>\n<meta property=\"article:modified_time\" content=\"2021-02-10T12:11:18+00:00\" \/>\n<meta name=\"twitter:card\" content=\"summary_large_image\" \/>\n<meta name=\"twitter:label1\" content=\"Estimated reading time\">\n\t<meta name=\"twitter:data1\" content=\"5 minutes\">\n<script type=\"application\/ld+json\" class=\"yoast-schema-graph\">{\"@context\":\"https:\/\/schema.org\",\"@graph\":[{\"@type\":\"Organization\",\"@id\":\"https:\/\/footure.pt\/#organization\",\"name\":\"Footure\",\"url\":\"https:\/\/footure.pt\/\",\"sameAs\":[\"https:\/\/www.facebook.com\/footurept\/\",\"https:\/\/www.instagram.com\/footurept\/\",\"https:\/\/www.linkedin.com\/company\/footurept\"],\"logo\":{\"@type\":\"ImageObject\",\"@id\":\"https:\/\/footure.pt\/#logo\",\"inLanguage\":\"en-GB\",\"url\":\"https:\/\/footure.pt\/wp-content\/uploads\/2020\/12\/Logofundo-branco_Prancheta-1.png\",\"width\":2658,\"height\":1034,\"caption\":\"Footure\"},\"image\":{\"@id\":\"https:\/\/footure.pt\/#logo\"}},{\"@type\":\"WebSite\",\"@id\":\"https:\/\/footure.pt\/#website\",\"url\":\"https:\/\/footure.pt\/\",\"name\":\"Footure\",\"description\":\"footure\",\"publisher\":{\"@id\":\"https:\/\/footure.pt\/#organization\"},\"potentialAction\":[{\"@type\":\"SearchAction\",\"target\":\"https:\/\/footure.pt\/?s={search_term_string}\",\"query-input\":\"required name=search_term_string\"}],\"inLanguage\":\"en-GB\"},{\"@type\":\"WebPage\",\"@id\":\"https:\/\/footure.pt\/servicos\/#webpage\",\"url\":\"https:\/\/footure.pt\/servicos\/\",\"name\":\"Servi\\u00e7os - Footure\",\"isPartOf\":{\"@id\":\"https:\/\/footure.pt\/#website\"},\"datePublished\":\"2017-12-14T10:47:51+00:00\",\"dateModified\":\"2021-02-10T12:11:18+00:00\",\"description\":\"A footure assume-se como uma empresa especializada para a produ\\u00e7\\u00e3o e transforma\\u00e7\\u00e3o de testeiras e contrafortes em Portugal.\",\"inLanguage\":\"en-GB\",\"potentialAction\":[{\"@type\":\"ReadAction\",\"target\":[\"https:\/\/footure.pt\/servicos\/\"]}]}]}<\/script>\n<!-- \/ Yoast SEO plugin. -->","_links":{"self":[{"href":"https:\/\/footure.pt\/en\/wp-json\/wp\/v2\/pages\/1071"}],"collection":[{"href":"https:\/\/footure.pt\/en\/wp-json\/wp\/v2\/pages"}],"about":[{"href":"https:\/\/footure.pt\/en\/wp-json\/wp\/v2\/types\/page"}],"author":[{"embeddable":true,"href":"https:\/\/footure.pt\/en\/wp-json\/wp\/v2\/users\/1"}],"replies":[{"embeddable":true,"href":"https:\/\/footure.pt\/en\/wp-json\/wp\/v2\/comments?post=1071"}],"version-history":[{"count":111,"href":"https:\/\/footure.pt\/en\/wp-json\/wp\/v2\/pages\/1071\/revisions"}],"predecessor-version":[{"id":4826,"href":"https:\/\/footure.pt\/en\/wp-json\/wp\/v2\/pages\/1071\/revisions\/4826"}],"wp:attachment":[{"href":"https:\/\/footure.pt\/en\/wp-json\/wp\/v2\/media?parent=1071"}],"curies":[{"name":"wp","href":"https:\/\/api.w.org\/{rel}","templated":true}]}}